{"id":840,"date":"2019-09-11T14:10:55","date_gmt":"2019-09-11T12:10:55","guid":{"rendered":"https:\/\/ivar-schmutz-schwaller.de\/?page_id=840"},"modified":"2026-01-21T00:38:38","modified_gmt":"2026-01-20T23:38:38","slug":"literaturliste","status":"publish","type":"page","link":"https:\/\/ivar-schmutz-schwaller.de\/?page_id=840","title":{"rendered":"Literatur auf der Basis der Tontr\u00e4ger"},"content":{"rendered":"\n<p><br><strong>Aufnahmen mit Maroun Mrad im Internet<\/strong><\/p>\n\n\n\n<p>Unter dem folgenden Link der &nbsp;FACULTE DE MUSIQUE ET DE MUSICOLOGIE DE L\u2019UNIVERSITE ANTONINE \u2013 OFFICIAL PAGE (Libanon) k\u00f6nnen Sie die Mehrzahl der Syro-maroniten Hymnen gesungen von Maroun Mrad und 1972 von Ivar Schmutz-Schwaller aufgenommen finden.<br><a href=\"http:\/\/www.forwardmusic.net\/fmm_-_ua_-_hymnes_syro-maronites_3.html\">http:\/\/www.forwardmusic.net\/fmm_-_ua_-_hymnes_syro-maronites_3.html<\/a><\/p>\n\n\n\n<h4 class=\"wp-block-heading\"><br><strong>Literatur auf der Basis der Tontr\u00e4ger von Schmutz-Schwaller<\/strong><\/h4>\n\n\n\n<p><br>1) <em>Ch\u00e9did, Youssef: Typologie musicale de l&#8217;hymnodie syriaque de l&#8217;Eglise Maronite: La Tradition du P\u00e8re Maroun Mrad (Ordre antonin maronite). Geuthner, Paris 2021<\/em><br><a href=\"https:\/\/revuemusicaleoicrm.org\/billet919\/\">https:\/\/revuemusicaleoicrm.org\/billet919\/<\/a><br>Cette th\u00e8se se propose de transcrire et analyser dans le but de cr\u00e9er une typologie de l\u2019hymnodie syriaque de l\u2019\u00c9glise Maronite selon la tradition de l\u2019illustre chantre de l\u2019Ordre Antonin Maronite P\u00e8re Maroun Mrad. L\u2019\u00c9glise Maronite, \u00e9tant une \u00e9glise catholique orientale, elle a conserv\u00e9 et l\u2019union avec l\u2019\u00c9glise Universelle et son identit\u00e9 et tradition musicale et liturgique. L\u2019objet de mes analyses est l\u2019ensemble des hymnes enregistr\u00e9es par la voix du P\u00e8re Maroun Mrad, un des porteurs de la tradition orale au sein de l\u2019Ordre Antonin Maronit<strong>e. <\/strong>Cet enregistrement est produit par le P\u00e8re Ivar Schmutz-Schwaller, de l\u2019Universit\u00e9 de Cologne, lors de son s\u00e9jour au Liban en 1972<strong>.\u00a0<\/strong><\/p>\n\n\n\n<p>2) <em>Toufic Maatouk : Essai De Mod\u00e9lisation S\u00e9miotique Modale Des Hymnes Syriaques De L&#8217;office Maronite. Editions Geuthner de l&#8217;universit\u00e9 Antonine, 2016.<\/em><br>S.29 :P\u00e8re Maroun Mrad, O.A,M. : Hymnes syriaques de l&#8217;office maronite, enregistr\u00e9s en 1967\/1972 par les soins du P\u00e8re Ivar Schmutz-Schwaller et non publi\u00e9s \u00e0 ce jour.<\/p>\n\n\n\n<p>3<em>) Nidaa Abou Mrad: Elements de S\u00e9miotique Modale, Essai d&#8217;une grammaire musicale pour les traditions monodiques. Editions Geuthner de l&#8217;universit\u00e9 Antonine, 2016<\/em><br>S. 235: L&#8217;une des principales formes de po\u00e9sie chant\u00e9e au Levant depuis l&#8217;Antiquit\u00e9 est l&#8217;Hymne syriaque qu&#8217;emploient la liturgie maronite, la liturgie syriaque orthodoxe non-chald\u00e9enne (et syriaque catholique) et la liturgie assyrienne-chald\u00e9enne. Cette section est consacr\u00e9e \u00e0 l&#8217;examen s\u00e9miotique modal d&#8217;un \u00e9chantillon repr\u00e9sentatif &#8230; d&#8217;hymnes syriaques de l&#8217;office maronite. Celles-ci sont prises dans l&#8217;interpr\u00e9tation de r\u00e9f\u00e9rence en solo qu&#8217;en a donn\u00e9e en 1972 le P\u00e8re Maroun Mrad (1913-2009), moine antonin maronite libanais, et que l&#8217;ethnomusicologue suisse le P\u00e8re Ivar Schmutz-Schwaller a p\u00e9rennis\u00e9e par un enregistrement documentaire in\u00e9dit.<\/p>\n\n\n\n<p>4) <a href=\"https:\/\/ivar-schmutz-schwaller.de\/wp-content\/uploads\/2026\/01\/Microsoft-Word-RTM-8-16092016.docx-Abou-Mrad-Polymorphisme-rythmique-Revue-des-Traditions-Musicales-8.pdf\">Nidaa Abou Mrad: Polymorphisme rythmique d\u2019une hymne syriaque maronite ou comment gravir le Chemin de Croix en dansant ? REVUE DES&nbsp;TRADITIONS&nbsp;MUSICALES&nbsp;no&nbsp;8 (2014), S.63-66 &#8211; Mentionn\u00e9 en page, S.66<\/a><\/p>\n\n\n\n<p>5) <a href=\"https:\/\/ivar-schmutz-schwaller.de\/wp-content\/uploads\/2026\/01\/RTM-14_V1.indd-rtm-14-2020-trentesaux-mochizuki-ivar-schmutz-schwaller-2.pdf\">Violaine Trentesaux Mochizuki:Ivar Schmutz-Schwaller, son travail et les raisons pour lesquelles il a enregistr\u00e9 Maroun Mrad. 2019, im Druck bei der Universit\u00e9 Antonine, Liban<\/a><\/p>\n\n\n\n<p>6) <a href=\"https:\/\/ivar-schmutz-schwaller.de\/wp-content\/uploads\/2026\/01\/RTM-14_V1.indd-rtm-14-2020-chedid-la-rencontre-de-mar-chaaya.pdf\">Youssef Chedid: \u00c9dition critique du dialogue entre Yvar Schmutz-Schwaller et Maroun Mrad. 2019, im Druck bei der Universit\u00e9 Antonine, Liban.<\/a><\/p>\n\n\n\n<p><\/p>\n\n\n\n<p><\/p>\n\n\n\n<h4 class=\"wp-block-heading\"><em>Aufnahmen:<\/em><\/h4>\n\n\n\n<p class=\"has-regular-font-size\"><em>Die Gesamtheit der Aufnahmen wird auf diese Homepage hochgeladen. In Vorbereitung<\/em><\/p>\n","protected":false},"excerpt":{"rendered":"<p>Aufnahmen mit Maroun Mrad im Internet Unter dem folgenden Link der &nbsp;FACULTE DE MUSIQUE ET DE MUSICOLOGIE DE L\u2019UNIVERSITE ANTONINE \u2013 OFFICIAL PAGE (Libanon) k\u00f6nnen Sie die Mehrzahl der Syro-maroniten Hymnen gesungen von Maroun Mrad und 1972 von Ivar Schmutz-Schwaller aufgenommen finden.http:\/\/www.forwardmusic.net\/fmm_-_ua_-_hymnes_syro-maronites_3.html Literatur auf der Basis der Tontr\u00e4ger von Schmutz-Schwaller 1) Ch\u00e9did, Youssef: Typologie musicale [&hellip;]<\/p>\n","protected":false},"author":1,"featured_media":0,"parent":0,"menu_order":0,"comment_status":"closed","ping_status":"closed","template":"","meta":{"footnotes":""},"class_list":["post-840","page","type-page","status-publish","hentry"],"_links":{"self":[{"href":"https:\/\/ivar-schmutz-schwaller.de\/index.php?rest_route=\/wp\/v2\/pages\/840","targetHints":{"allow":["GET"]}}],"collection":[{"href":"https:\/\/ivar-schmutz-schwaller.de\/index.php?rest_route=\/wp\/v2\/pages"}],"about":[{"href":"https:\/\/ivar-schmutz-schwaller.de\/index.php?rest_route=\/wp\/v2\/types\/page"}],"author":[{"embeddable":true,"href":"https:\/\/ivar-schmutz-schwaller.de\/index.php?rest_route=\/wp\/v2\/users\/1"}],"replies":[{"embeddable":true,"href":"https:\/\/ivar-schmutz-schwaller.de\/index.php?rest_route=%2Fwp%2Fv2%2Fcomments&post=840"}],"version-history":[{"count":30,"href":"https:\/\/ivar-schmutz-schwaller.de\/index.php?rest_route=\/wp\/v2\/pages\/840\/revisions"}],"predecessor-version":[{"id":3508,"href":"https:\/\/ivar-schmutz-schwaller.de\/index.php?rest_route=\/wp\/v2\/pages\/840\/revisions\/3508"}],"wp:attachment":[{"href":"https:\/\/ivar-schmutz-schwaller.de\/index.php?rest_route=%2Fwp%2Fv2%2Fmedia&parent=840"}],"curies":[{"name":"wp","href":"https:\/\/api.w.org\/{rel}","templated":true}]}}