{"id":651,"date":"2019-09-06T15:56:26","date_gmt":"2019-09-06T13:56:26","guid":{"rendered":"https:\/\/ivar-schmutz-schwaller.de\/?page_id=651"},"modified":"2024-08-28T12:37:28","modified_gmt":"2024-08-28T10:37:28","slug":"theoretische-schriften","status":"publish","type":"page","link":"https:\/\/ivar-schmutz-schwaller.de\/?page_id=651","title":{"rendered":"MRAD-Theorie"},"content":{"rendered":"\n<p>Ivar Schmutz-Schwaller hat sich nach seiner R\u00fcckkehr aus Libanon und Syrien bis zu seinem Tod 1999 der Erforschung der altsyrischen Musik gewidmet. Er hat sich besonders intensiv mit den Aufnahmen des S\u00e4ngers  <a href=\"https:\/\/ivar-schmutz-schwaller.de\/?p=670\">Maroun  Mrad<\/a> befasst.<\/p>\n\n\n\n<p><\/p>\n\n\n\n<ol class=\"wp-block-list\">\n<li><a href=\"https:\/\/ivar-schmutz-schwaller.de\/?page_id=595\">Ver\u00f6ffentlichte Texte<\/a>:  Er hat einige k\u00fcrzere Texte ver\u00f6ffentlicht, die  als Werbung oder Einf\u00fchrung In die  Kompositionsmethode , die er auf der Basis der altsyrischen Musik entstanden ist, zu verstehen sind. Texte, die seine Methode einf\u00fchren oder sich mit den Gr\u00fcnden seiner Entscheidung, sich mit der alt-syrischen Musik und ihrer Umgebung zu befassen.<\/li>\n\n\n\n<li><a href=\"https:\/\/ivar-schmutz-schwaller.de\/?page_id=125\">Theorie<\/a> (im Druck):  Einf\u00fchrungen und fundierte Erl\u00e4uterungen der Methode.<br><span class=\"tadv-color\" style=\"color:#ff6900\"><a href=\"https:\/\/ivar-schmutz-schwaller.de\/?p=1828\"><span class=\"tadv-background-color\" style=\"background-color:#ffffff\">We are glad to inform you<\/span> that the MRAD theory is now online<\/a>.<\/span><br><br><\/li>\n<\/ol>\n\n\n\n<h4 class=\"wp-block-heading\">Anwendung des MRAD-Verfahrens<\/h4>\n\n\n\n<p>Obwohl noch nicht ver\u00f6ffentlicht, hat die MRAD-Theorie schon als Grundlage f\u00fcr Forschungen geliefert. Siehe: <a href=\"https:\/\/ivar-schmutz-schwaller.de\/?p=1555\">Arbeiten auf der Basis der Theorie \/ Bewertungen<\/a><\/p>\n","protected":false},"excerpt":{"rendered":"<p>Ivar Schmutz-Schwaller hat sich nach seiner R\u00fcckkehr aus Libanon und Syrien bis zu seinem Tod 1999 der Erforschung der altsyrischen Musik gewidmet. Er hat sich besonders intensiv mit den Aufnahmen des S\u00e4ngers Maroun Mrad befasst. Anwendung des MRAD-Verfahrens Obwohl noch nicht ver\u00f6ffentlicht, hat die MRAD-Theorie schon als Grundlage f\u00fcr Forschungen geliefert. Siehe: Arbeiten auf der [&hellip;]<\/p>\n","protected":false},"author":1,"featured_media":0,"parent":0,"menu_order":0,"comment_status":"closed","ping_status":"closed","template":"","meta":{"footnotes":""},"class_list":["post-651","page","type-page","status-publish","hentry"],"_links":{"self":[{"href":"https:\/\/ivar-schmutz-schwaller.de\/index.php?rest_route=\/wp\/v2\/pages\/651","targetHints":{"allow":["GET"]}}],"collection":[{"href":"https:\/\/ivar-schmutz-schwaller.de\/index.php?rest_route=\/wp\/v2\/pages"}],"about":[{"href":"https:\/\/ivar-schmutz-schwaller.de\/index.php?rest_route=\/wp\/v2\/types\/page"}],"author":[{"embeddable":true,"href":"https:\/\/ivar-schmutz-schwaller.de\/index.php?rest_route=\/wp\/v2\/users\/1"}],"replies":[{"embeddable":true,"href":"https:\/\/ivar-schmutz-schwaller.de\/index.php?rest_route=%2Fwp%2Fv2%2Fcomments&post=651"}],"version-history":[{"count":18,"href":"https:\/\/ivar-schmutz-schwaller.de\/index.php?rest_route=\/wp\/v2\/pages\/651\/revisions"}],"predecessor-version":[{"id":3526,"href":"https:\/\/ivar-schmutz-schwaller.de\/index.php?rest_route=\/wp\/v2\/pages\/651\/revisions\/3526"}],"wp:attachment":[{"href":"https:\/\/ivar-schmutz-schwaller.de\/index.php?rest_route=%2Fwp%2Fv2%2Fmedia&parent=651"}],"curies":[{"name":"wp","href":"https:\/\/api.w.org\/{rel}","templated":true}]}}