{"id":644,"date":"2019-09-06T15:42:26","date_gmt":"2019-09-06T13:42:26","guid":{"rendered":"https:\/\/ivar-schmutz-schwaller.de\/?page_id=644"},"modified":"2022-07-07T14:59:34","modified_gmt":"2022-07-07T12:59:34","slug":"aufnahmen","status":"publish","type":"page","link":"https:\/\/ivar-schmutz-schwaller.de\/?page_id=644","title":{"rendered":"Recordings"},"content":{"rendered":"\n<ol class=\"wp-block-list\"><li>Es gibt zwei <a href=\"https:\/\/ivar-schmutz-schwaller.de\/?page_id=350\">Kataloge<\/a> der Aufnahmen: Gesamtliste, mit Ortsangaben und S\u00e4ngern. Beide Katalogen k\u00f6nnen heruntergeladen werden.<br>There is two <a href=\"https:\/\/ivar-schmutz-schwaller.de\/?page_id=350\">catalogs<\/a> of the recordings: complete list with places of recordings and singers.<br><\/li><li>Beispiel einer Transkription von Ivar Schmutz-Schwaller: die <a href=\"https:\/\/ivar-schmutz-schwaller.de\/?page_id=621\">Konsekrationsworte<\/a><br>Example of a transcription by Ivar Schmutz-Schwaller: the consecration words<br><\/li><li><a href=\"https:\/\/ivar-schmutz-schwaller.de\/?page_id=648\">S\u00e4nger, Musiker <\/a>und andere Pers\u00f6nlichkeiten. u.a. <a href=\"https:\/\/ivar-schmutz-schwaller.de\/?p=670\">Maroun Mrad<\/a><br>Singers, musicians and other personalities. a.o. Maroun Mrad<br><\/li><li>Alle Aufnahmen werden nach und nach <a href=\"https:\/\/ivar-schmutz-schwaller.de\/?page_id=2050\">auf YouTube<\/a> gestellt.<br>All recordings will be gradually put on YouTube.<br><\/li><\/ol>\n\n\n\n<h2 class=\"has-text-align-center wp-block-heading\"><span style=\"background-color:#e2c370\" class=\"tadv-background-color\">Die folgende Aufnahme ist die Karfreitagsliturgie des Jahres 1972 bei den <em>jakobitischen<\/em> Fl\u00fcchtlingen in der Kirche St. Georg in der syrischen Stadt Aleppo gemacht.<\/span><\/h2>\n\n\n\n<p><\/p>\n\n\n\n<p>Zitat aus einem Brief an Professor Josef Kuckertz (1974) : <em>&#8222;Was die zus\u00e4tzliche  Arbeit der Aufnahmen der jakobitischen Fl\u00fcchtlingen von St. Georg in Aleppo angeht, ist der Deutschen Forschungsgemeinschaft durch meine Unterlagen bekannt, welche Notwendigkeit mich veranlasst hat, dort w\u00e4hrend eines weiteren Monats, bei z.T. 43\u02da Hitze mit drei S\u00e4ngern einen Arbeitsrhythmus von 10 bis 12 Stunden pro Tag einzuhalten. Einer der S\u00e4nger ist inzwischen gestorben, von einem andern schrieb mir Prof. Yakoub TOUMA k\u00fcrzlich, es gehe ihm sehr schlecht. Wir haben bei dieser Gelegenheit eine s\u00fcd-ost t\u00fcrkische, altsyrische Ortstradition so umfassend und sorgf\u00e4ltig wie nur denkbar aufnehmen k\u00f6nnen; diese Tradition war \u00fcbrigens nie in Ber\u00fchrung mit anderen oralen \u00dcberlieferungen&#8220;.<\/em><\/p>\n\n\n\n<p><\/p>\n\n\n\n<figure class=\"wp-block-audio\"><audio controls src=\"https:\/\/ivar-schmutz-schwaller.de\/wp-content\/uploads\/2019\/09\/ALEP-EGL-1.mp3\" autoplay><\/audio><figcaption>Karfreitag 1972: Jakobitischer Liturgie in der St. Georg Kirche in Aleppo, Syrien<\/figcaption><\/figure>\n\n\n\n<p>Quote from a letter to Professor Josef Kuckertz (1974) : <em>&#8222;As for the additional work of recording the Jacobite refugees of St. George in Aleppo, the German Research Foundation is aware through my documents of the necessity that prompted me to maintain a work rhythm of 10 to 12 hours per day there for another month, in partly 43\u02da heat, with three singers. One of the singers has died meanwhile, and Prof. Yakoub TOUMA recently wrote me that he was very ill. On this occasion, we were able to record a south-east Turkish, old Syrian local tradition as comprehensively and carefully as conceivable; this tradition, by the way, was never in contact with other oral traditions&#8220;<\/em>.<\/p>\n\n\n\n<p><\/p>\n\n\n\n<p class=\"has-background has-small-font-size\" style=\"background-color:#e2c370\"><\/p>\n","protected":false},"excerpt":{"rendered":"<p>Es gibt zwei Kataloge der Aufnahmen: Gesamtliste, mit Ortsangaben und S\u00e4ngern. Beide Katalogen k\u00f6nnen heruntergeladen werden.There is two catalogs of the recordings: complete list with places of recordings and singers. Beispiel einer Transkription von Ivar Schmutz-Schwaller: die KonsekrationsworteExample of a transcription by Ivar Schmutz-Schwaller: the consecration words S\u00e4nger, Musiker und andere Pers\u00f6nlichkeiten. u.a. Maroun MradSingers, [&hellip;]<\/p>\n","protected":false},"author":1,"featured_media":0,"parent":0,"menu_order":0,"comment_status":"closed","ping_status":"closed","template":"","meta":{"footnotes":""},"class_list":["post-644","page","type-page","status-publish","hentry"],"_links":{"self":[{"href":"https:\/\/ivar-schmutz-schwaller.de\/index.php?rest_route=\/wp\/v2\/pages\/644","targetHints":{"allow":["GET"]}}],"collection":[{"href":"https:\/\/ivar-schmutz-schwaller.de\/index.php?rest_route=\/wp\/v2\/pages"}],"about":[{"href":"https:\/\/ivar-schmutz-schwaller.de\/index.php?rest_route=\/wp\/v2\/types\/page"}],"author":[{"embeddable":true,"href":"https:\/\/ivar-schmutz-schwaller.de\/index.php?rest_route=\/wp\/v2\/users\/1"}],"replies":[{"embeddable":true,"href":"https:\/\/ivar-schmutz-schwaller.de\/index.php?rest_route=%2Fwp%2Fv2%2Fcomments&post=644"}],"version-history":[{"count":83,"href":"https:\/\/ivar-schmutz-schwaller.de\/index.php?rest_route=\/wp\/v2\/pages\/644\/revisions"}],"predecessor-version":[{"id":2476,"href":"https:\/\/ivar-schmutz-schwaller.de\/index.php?rest_route=\/wp\/v2\/pages\/644\/revisions\/2476"}],"wp:attachment":[{"href":"https:\/\/ivar-schmutz-schwaller.de\/index.php?rest_route=%2Fwp%2Fv2%2Fmedia&parent=644"}],"curies":[{"name":"wp","href":"https:\/\/api.w.org\/{rel}","templated":true}]}}