{"id":394,"date":"2019-08-22T23:40:39","date_gmt":"2019-08-22T21:40:39","guid":{"rendered":"https:\/\/ivar-schmutz-schwaller.de\/?page_id=394"},"modified":"2020-05-08T19:43:57","modified_gmt":"2020-05-08T17:43:57","slug":"was-bedeutet-syro-maronite-musik","status":"publish","type":"page","link":"https:\/\/ivar-schmutz-schwaller.de\/?page_id=394","title":{"rendered":"Was bedeutet syro-maronitischer Gesang?"},"content":{"rendered":"\n<div class=\"wp-block-image\"><figure class=\"alignright\"><img decoding=\"async\" width=\"150\" height=\"161\" src=\"https:\/\/ivar-schmutz-schwaller.de\/wp-content\/uploads\/2019\/08\/763E15A1-AA60-4196-A34B-A8C6EDF4FE7F-e1566510939455.png\" alt=\"\" class=\"wp-image-404\"\/><figcaption><a href=\"https:\/\/de.m.wikipedia.org\/wiki\/Syrisch-Maronitische_Kirche_von_Antiochien\">Syrisch-Maronitische Kirche von Antiochien<\/a><\/figcaption><\/figure><\/div>\n\n\n\n<p>Der Kirchengesang der Antiochischen Kirche der Maroniten bezeichnet man als Maronitischer Gesang. Sein Repertoire ist vielf\u00e4ltig und kann in f\u00fcnf Kategorien unterteilt werden: <br><br><strong>1) <\/strong><em><strong>Die<\/strong><\/em><strong> <\/strong><em><strong>syro-maronitischen Ges\u00e4nge<\/strong><\/em><strong>, deren Text in alt-syrischer Sprache verfasst ist. Man findet sie in Kultb\u00fcchern. Die Melodien sind sehr alt, einige stammen sogar aus den ersten Jahrhunderten des Christentums.<\/strong><br><br>2) <em>Die arabischen syro-maronitischen Ges\u00e4nge<\/em>: Die Melodien sind syro-maronitisch w\u00e4hrend die Text auf arabisch verfasst sind.<br><br>3) <em>Die improvisierten Melodien<\/em>: Der Text der im traditionellen Stil improvisierten Melodien kann auf Altsyrisch oder auf Arabisch sein. Die verschiedenen Improvisationskategorien h\u00e4ngen von der Technik und der Freiheit des Solisten ab.<br><br>4)<em> Die ausl\u00e4ndischen Melodien<\/em>:  Seit dem XVII: Jahrhundert etwa werden die orientalischen oder okzidentalen Melodien mit einem arabischen Text versehen. Es handelt sich meistens um paraliturgische Gedichte. Heutzutage sind sie eher in Regression.<br><br>5)<em> Die pers\u00f6nlichen Melodien<\/em>: es handelt um vielf\u00e4ltige Kompositionen in arabischer Sprache mit arabischer\/westlicher und\/oder alt-syrischer Inspiration.<\/p>\n\n\n\n<p><strong>(Kategorien von Louis Hage)<\/strong><\/p>\n\n\n\n<p><\/p>\n\n\n\n<p><\/p>\n","protected":false},"excerpt":{"rendered":"<p>Der Kirchengesang der Antiochischen Kirche der Maroniten bezeichnet man als Maronitischer Gesang. Sein Repertoire ist vielf\u00e4ltig und kann in f\u00fcnf Kategorien unterteilt werden: 1) Die syro-maronitischen Ges\u00e4nge, deren Text in alt-syrischer Sprache verfasst ist. Man findet sie in Kultb\u00fcchern. Die Melodien sind sehr alt, einige stammen sogar aus den ersten Jahrhunderten des Christentums. 2) Die [&hellip;]<\/p>\n","protected":false},"author":1,"featured_media":404,"parent":156,"menu_order":0,"comment_status":"closed","ping_status":"closed","template":"","meta":{"footnotes":""},"class_list":["post-394","page","type-page","status-publish","has-post-thumbnail","hentry"],"_links":{"self":[{"href":"https:\/\/ivar-schmutz-schwaller.de\/index.php?rest_route=\/wp\/v2\/pages\/394","targetHints":{"allow":["GET"]}}],"collection":[{"href":"https:\/\/ivar-schmutz-schwaller.de\/index.php?rest_route=\/wp\/v2\/pages"}],"about":[{"href":"https:\/\/ivar-schmutz-schwaller.de\/index.php?rest_route=\/wp\/v2\/types\/page"}],"author":[{"embeddable":true,"href":"https:\/\/ivar-schmutz-schwaller.de\/index.php?rest_route=\/wp\/v2\/users\/1"}],"replies":[{"embeddable":true,"href":"https:\/\/ivar-schmutz-schwaller.de\/index.php?rest_route=%2Fwp%2Fv2%2Fcomments&post=394"}],"version-history":[{"count":19,"href":"https:\/\/ivar-schmutz-schwaller.de\/index.php?rest_route=\/wp\/v2\/pages\/394\/revisions"}],"predecessor-version":[{"id":1362,"href":"https:\/\/ivar-schmutz-schwaller.de\/index.php?rest_route=\/wp\/v2\/pages\/394\/revisions\/1362"}],"up":[{"embeddable":true,"href":"https:\/\/ivar-schmutz-schwaller.de\/index.php?rest_route=\/wp\/v2\/pages\/156"}],"wp:featuredmedia":[{"embeddable":true,"href":"https:\/\/ivar-schmutz-schwaller.de\/index.php?rest_route=\/wp\/v2\/media\/404"}],"wp:attachment":[{"href":"https:\/\/ivar-schmutz-schwaller.de\/index.php?rest_route=%2Fwp%2Fv2%2Fmedia&parent=394"}],"curies":[{"name":"wp","href":"https:\/\/api.w.org\/{rel}","templated":true}]}}