{"id":350,"date":"2019-08-20T20:47:03","date_gmt":"2019-08-20T18:47:03","guid":{"rendered":"https:\/\/ivar-schmutz-schwaller.de\/?page_id=350"},"modified":"2024-08-28T12:38:55","modified_gmt":"2024-08-28T10:38:55","slug":"catalogues-louis-hage","status":"publish","type":"page","link":"https:\/\/ivar-schmutz-schwaller.de\/?page_id=350","title":{"rendered":"Catalogues of the Recordings of Ivar Schmutz-Schwaller"},"content":{"rendered":"\n<p>Die Kataloge weisen zwar zahlreiche Fehler auf und  viele Informationen fehlen. Wir sind jedoch dankbar, weil sie eine hervorragende Basis und ein sine qua non f\u00fcr die Arbeit mit den Aufnahmen darstellen.<\/p>\n\n\n\n<p>There are numerous errors in the catalogues, and much information is missing. However, we are deeply grateful because they are an excellent basis and  essential for working with the recordings.<\/p>\n\n\n\n<p><mark style=\"background-color:rgba(0, 0, 0, 0)\" class=\"has-inline-color has-vivid-red-color\">The catalogues can be downloaded<\/mark> (see below)<\/p>\n\n\n\n<h3 class=\"wp-block-heading\">Autoren: Louis Hage (Nr.1) und Gebro (Gabriel) Aydn (Nr.2)<\/h3>\n\n\n<div class=\"wp-block-image\">\n<figure class=\"alignright\"><img fetchpriority=\"high\" decoding=\"async\" width=\"210\" height=\"300\" src=\"https:\/\/ivar-schmutz-schwaller.de\/wp-content\/uploads\/2019\/08\/Katalog-1-Hage-210x300.jpg\" alt=\"kk\" class=\"wp-image-341\" srcset=\"https:\/\/ivar-schmutz-schwaller.de\/wp-content\/uploads\/2019\/08\/Katalog-1-Hage-210x300.jpg 210w, https:\/\/ivar-schmutz-schwaller.de\/wp-content\/uploads\/2019\/08\/Katalog-1-Hage-768x1097.jpg 768w, https:\/\/ivar-schmutz-schwaller.de\/wp-content\/uploads\/2019\/08\/Katalog-1-Hage-717x1024.jpg 717w, https:\/\/ivar-schmutz-schwaller.de\/wp-content\/uploads\/2019\/08\/Katalog-1-Hage.jpg 1912w\" sizes=\"(max-width: 210px) 100vw, 210px\" \/><figcaption>Katalog Nr.1 &#8211; 61 S.<\/figcaption><\/figure>\n<\/div>\n\n\n<p>Nach dem Tod von Ivar im Jahre 1999, brauchte ich einige Zeit, um mir einen \u00dcberblick \u00fcber seinen Nachlass zu verschaffen. Ich entdeckte 174 Tonb\u00e4nder und sah, dass er nicht nur mit dem S\u00e4nger Maroun Mrad gearbeitet hatte, sondern gro\u00dffl\u00e4chig in den Libanon und in Syrien aufgenommen hatte. Nach R\u00fccksprache mit der verstorbenen Professor R\u00fcdiger Schumacher (1953\u20132007, Schwerpunkt Indonesien), Professor der Musikethnologie an der Universit\u00e4t zu K\u00f6ln, der mich damals betreute, digitalisierte ich die B\u00e4nder mit einer professionellen Ausr\u00fcstung von Digigram. Das Ergebnis waren 67 CDs, mit Aufnahmen in .wav Format.<\/p>\n\n\n<div class=\"wp-block-image\">\n<figure class=\"alignleft\"><img decoding=\"async\" width=\"210\" height=\"300\" src=\"https:\/\/ivar-schmutz-schwaller.de\/wp-content\/uploads\/2019\/08\/Katalog-2-Hage-210x300.jpg\" alt=\"\" class=\"wp-image-342\"\/><figcaption>Katalog Nr.2 &#8211; 225 S.<\/figcaption><\/figure>\n<\/div>\n\n\n<p>Weil ich Ivar Arbeitsmethoden, seine Gr\u00fcndlichkeit und sein  Wissen kannte, ging ich davon aus, dass diese Aufnahme sehr  wichtig  sein sollten und  nahm daraufhin 2003 Kontakt mit dem Musikwissenschaftler Louis Hage &nbsp;(OLM &#8211; Ordre maronite libanais) der Holy Spirit University of Kaslik in Jounieh, Libanon, auf. <br>Dieser  war so begeistert, dass er sehr schnell nach K\u00f6ln einreiste. Ich \u00fcbergab ihm 74 CD und wir beschlossen vertraglich, dass er innerhalb von 5 Jahren einen gesamten Katalog anfertigen w\u00fcrde. Louis Hage teilte sich dann die Arbeit mit Gebro Aydn: Das Ergebnis sind die zwei folgenden Katalogen. Sie sind nicht perfekt und weisen einige Fehler auf, sind jedoch  ein wertvolles Werkzeug, um sich ein \u00dcberblick \u00fcber die Bandbreite der Aufnahmen von Ivar Schmutz-Schwaller zu verschaffen.<\/p>\n\n\n<div class=\"wp-block-image\">\n<figure class=\"alignright is-resized\"><img decoding=\"async\" src=\"https:\/\/ivar-schmutz-schwaller.de\/wp-content\/uploads\/2019\/11\/Louis-El-Hage.jpeg\" alt=\"\" class=\"wp-image-1184\" width=\"204\" height=\"314\" srcset=\"https:\/\/ivar-schmutz-schwaller.de\/wp-content\/uploads\/2019\/11\/Louis-El-Hage.jpeg 282w, https:\/\/ivar-schmutz-schwaller.de\/wp-content\/uploads\/2019\/11\/Louis-El-Hage-195x300.jpeg 195w\" sizes=\"(max-width: 204px) 100vw, 204px\" \/><figcaption>Pater Louis Hage<br>(Photo: Claude Ashqar)<\/figcaption><\/figure>\n<\/div>\n\n\n<p>In den Katalogen unterteilt Louis Hage die  Aufnahmen  in drei Kategorien:<\/p>\n\n\n\n<p>a) Maronitische Lieder in altsyrischer (Syro-maronitische Lieder) oder arabischer Sprache.<\/p>\n\n\n\n<p>b) Altsyrische Lieder der syro-orthodoxen und syro-katholischen Kirche &#8211; z. B. Im Viertel Moussaytb\u00e9h &#8211; Beyrouth (Libanon) &#8211; in Aleppo und Quamichli (Syrien).<\/p>\n\n\n\n<p>c) Diverse Lieder: Da eine Forschung auch vielf\u00e4ltige Aspekte einer Kultur zeigen muss, hat Ivar auch eine Anzahl von anderen Aufnahmen beschafft, die einen \u00dcberblick \u00fcber die Musik des Landes vermitteln.<\/p>\n\n\n\n<h2 class=\"has-text-align-center wp-block-heading\">The catalogues can be downloaded:<\/h2>\n\n\n\n<p class=\"has-luminous-vivid-amber-color has-text-color has-background has-small-font-size\" style=\"background-color:#d5b762\"><\/p>\n\n\n\n<div class=\"wp-block-file\"><a id=\"wp-block-file--media-52e4140f-d0f8-4ea2-844c-0a751e5dd789\" href=\"https:\/\/ivar-schmutz-schwaller.de\/wp-content\/uploads\/2021\/03\/Catalog-Nr.-1-Louis-Hage-61-1.pdf\">Catalogue Nr.1, Louis Hage<\/a><a href=\"https:\/\/ivar-schmutz-schwaller.de\/wp-content\/uploads\/2021\/03\/Catalog-Nr.-1-Louis-Hage-61-1.pdf\" class=\"wp-block-file__button\" download aria-describedby=\"wp-block-file--media-52e4140f-d0f8-4ea2-844c-0a751e5dd789\">download<\/a><\/div>\n\n\n\n<p>     <\/p>\n\n\n\n<div class=\"wp-block-file\"><a id=\"wp-block-file--media-6df15a46-63cf-44e2-b604-e3195a803590\" href=\"https:\/\/ivar-schmutz-schwaller.de\/wp-content\/uploads\/2021\/03\/Catalog-Nr.2.-Gebro-Aydin.pdf\">Catalogue Nr.2. Gebro Aydin<\/a><a href=\"https:\/\/ivar-schmutz-schwaller.de\/wp-content\/uploads\/2021\/03\/Catalog-Nr.2.-Gebro-Aydin.pdf\" class=\"wp-block-file__button\" download aria-describedby=\"wp-block-file--media-6df15a46-63cf-44e2-b604-e3195a803590\">download<\/a><\/div>\n\n\n\n<p><\/p>\n\n\n\n<p><\/p>\n\n\n\n<p><\/p>\n","protected":false},"excerpt":{"rendered":"<p>Die Kataloge weisen zwar zahlreiche Fehler auf und viele Informationen fehlen. Wir sind jedoch dankbar, weil sie eine hervorragende Basis und ein sine qua non f\u00fcr die Arbeit mit den Aufnahmen darstellen. There are numerous errors in the catalogues, and much information is missing. However, we are deeply grateful because they are an excellent basis [&hellip;]<\/p>\n","protected":false},"author":1,"featured_media":0,"parent":0,"menu_order":0,"comment_status":"closed","ping_status":"closed","template":"","meta":{"footnotes":""},"class_list":["post-350","page","type-page","status-publish","hentry"],"_links":{"self":[{"href":"https:\/\/ivar-schmutz-schwaller.de\/index.php?rest_route=\/wp\/v2\/pages\/350","targetHints":{"allow":["GET"]}}],"collection":[{"href":"https:\/\/ivar-schmutz-schwaller.de\/index.php?rest_route=\/wp\/v2\/pages"}],"about":[{"href":"https:\/\/ivar-schmutz-schwaller.de\/index.php?rest_route=\/wp\/v2\/types\/page"}],"author":[{"embeddable":true,"href":"https:\/\/ivar-schmutz-schwaller.de\/index.php?rest_route=\/wp\/v2\/users\/1"}],"replies":[{"embeddable":true,"href":"https:\/\/ivar-schmutz-schwaller.de\/index.php?rest_route=%2Fwp%2Fv2%2Fcomments&post=350"}],"version-history":[{"count":93,"href":"https:\/\/ivar-schmutz-schwaller.de\/index.php?rest_route=\/wp\/v2\/pages\/350\/revisions"}],"predecessor-version":[{"id":2479,"href":"https:\/\/ivar-schmutz-schwaller.de\/index.php?rest_route=\/wp\/v2\/pages\/350\/revisions\/2479"}],"wp:attachment":[{"href":"https:\/\/ivar-schmutz-schwaller.de\/index.php?rest_route=%2Fwp%2Fv2%2Fmedia&parent=350"}],"curies":[{"name":"wp","href":"https:\/\/api.w.org\/{rel}","templated":true}]}}