{"id":337,"date":"2019-08-20T20:05:37","date_gmt":"2019-08-20T18:05:37","guid":{"rendered":"https:\/\/ivar-schmutz-schwaller.de\/?page_id=337"},"modified":"2021-11-09T11:53:45","modified_gmt":"2021-11-09T10:53:45","slug":"ivar-maroun-mrad","status":"publish","type":"page","link":"https:\/\/ivar-schmutz-schwaller.de\/?page_id=337","title":{"rendered":"Maroun Mrad"},"content":{"rendered":"\n<div class=\"wp-block-cover alignwide has-background-dim-30 has-background-dim\"><img decoding=\"async\" width=\"150\" height=\"174\" class=\"wp-block-cover__image-background wp-image-128\" alt=\"\" src=\"https:\/\/ivar-schmutz-schwaller.de\/wp-content\/uploads\/2019\/08\/Maroun-Mrad-photo-10-e1565353837591.jpg\" data-object-fit=\"cover\"\/><div class=\"wp-block-cover__inner-container is-layout-flow wp-block-cover-is-layout-flow\">\n<p class=\"has-text-align-center has-regular-font-size\">Ivar<\/p>\n<\/div><\/div>\n\n\n\n<p><\/p>\n\n\n\n<p><\/p>\n\n\n\n<p class=\"has-drop-cap\">Maroun Mrad oder M\u0101r\u016bn Mur\u0101d (1913-2008) war ein M\u00f6nch der <strong>Maronitischen Antonianer<\/strong>, der als ein hervorragender Meister der Interpretation des maronitischen syrischen hymnischen Corpus \u00fcber die Grenzen seines Landes ber\u00fchmt geworden war. Ivar hat seine Aufnahmen mit ihm im antonianischen Kloster Mar Chaaya in Broummana (Mont-Liban) gemacht.<\/p>\n\n\n\n<p><\/p>\n\n\n\n<p><\/p>\n\n\n\n<p>Unter dem folgenden Link der  &nbsp;FACULTE DE MUSIQUE ET DE MUSICOLOGIE DE L&#8217;UNIVERSITE ANTONINE &#8211; OFFICIAL PAGE  (Libanon) k\u00f6nnen Sie die Mehrzahl der Syro-maroniten Hymnen gesungen von Maroun Mrad und 1972  von Ivar Schmutz-Schwaller  aufgenommen finden. Allerdings befindet sich die hier vorgestellte Aufnahme der Konsekrationsworte nicht in dieser Sammlung. <\/p>\n\n\n\n<p><a href=\"http:\/\/www.forwardmusic.net\/fmm_-_ua_-_hymnes_syro-maronites_3.html\">http:\/\/www.forwardmusic.net\/fmm_-_ua_-_hymnes_syro-maronites_3.html<\/a><\/p>\n\n\n\n<p><\/p>\n\n\n\n<h2 class=\"wp-block-heading\"><a href=\"https:\/\/ivar-schmutz-schwaller.de\/wp-admin\/post.php?post=1986&amp;action=edit\">Dialogues entre Ivar Schmutz-Schwaller et Maroun Mrad<\/a><\/h2>\n\n\n\n<p>Aufnahmen, die im Nachlass von Ivar waren. Sie sind jetzt online in der Homepage<\/p>\n\n\n\n<p><\/p>\n","protected":false},"excerpt":{"rendered":"<p>Maroun Mrad oder M\u0101r\u016bn Mur\u0101d (1913-2008) war ein M\u00f6nch der Maronitischen Antonianer, der als ein hervorragender Meister der Interpretation des maronitischen syrischen hymnischen Corpus \u00fcber die Grenzen seines Landes ber\u00fchmt geworden war. Ivar hat seine Aufnahmen mit ihm im antonianischen Kloster Mar Chaaya in Broummana (Mont-Liban) gemacht. Unter dem folgenden Link der &nbsp;FACULTE DE MUSIQUE [&hellip;]<\/p>\n","protected":false},"author":1,"featured_media":128,"parent":0,"menu_order":0,"comment_status":"closed","ping_status":"closed","template":"","meta":{"footnotes":""},"class_list":["post-337","page","type-page","status-publish","has-post-thumbnail","hentry"],"_links":{"self":[{"href":"https:\/\/ivar-schmutz-schwaller.de\/index.php?rest_route=\/wp\/v2\/pages\/337","targetHints":{"allow":["GET"]}}],"collection":[{"href":"https:\/\/ivar-schmutz-schwaller.de\/index.php?rest_route=\/wp\/v2\/pages"}],"about":[{"href":"https:\/\/ivar-schmutz-schwaller.de\/index.php?rest_route=\/wp\/v2\/types\/page"}],"author":[{"embeddable":true,"href":"https:\/\/ivar-schmutz-schwaller.de\/index.php?rest_route=\/wp\/v2\/users\/1"}],"replies":[{"embeddable":true,"href":"https:\/\/ivar-schmutz-schwaller.de\/index.php?rest_route=%2Fwp%2Fv2%2Fcomments&post=337"}],"version-history":[{"count":34,"href":"https:\/\/ivar-schmutz-schwaller.de\/index.php?rest_route=\/wp\/v2\/pages\/337\/revisions"}],"predecessor-version":[{"id":2205,"href":"https:\/\/ivar-schmutz-schwaller.de\/index.php?rest_route=\/wp\/v2\/pages\/337\/revisions\/2205"}],"wp:featuredmedia":[{"embeddable":true,"href":"https:\/\/ivar-schmutz-schwaller.de\/index.php?rest_route=\/wp\/v2\/media\/128"}],"wp:attachment":[{"href":"https:\/\/ivar-schmutz-schwaller.de\/index.php?rest_route=%2Fwp%2Fv2%2Fmedia&parent=337"}],"curies":[{"name":"wp","href":"https:\/\/api.w.org\/{rel}","templated":true}]}}