{"id":125,"date":"2019-08-12T19:56:34","date_gmt":"2019-08-12T17:56:34","guid":{"rendered":"https:\/\/ivar-schmutz-schwaller.de\/?page_id=125"},"modified":"2026-01-24T22:40:46","modified_gmt":"2026-01-24T21:40:46","slug":"ivar-schmutz-schwaller","status":"publish","type":"page","link":"https:\/\/ivar-schmutz-schwaller.de\/?page_id=125","title":{"rendered":"Das MRAD- Verfahren oder die MRAD-Theorie"},"content":{"rendered":"\n<p><a href=\"https:\/\/www.lausplenafoundation.ch\/en\/news\/pubblication-manuscript-ivar-schmutz-schwaller-ethnomusicologist-specialized-syriac-tradition\">https:\/\/www.lausplenafoundation.ch\/en\/news\/pubblication-manuscript-ivar-schmutz-schwaller-ethnomusicologist-specialized-syriac-tradition<\/a><\/p>\n\n\n\n<p><span class=\"tadv-color\" style=\"color:#ff6900\"><a href=\"https:\/\/ivar-schmutz-schwaller.de\/wp-content\/uploads\/2026\/01\/MANUSCRIPT-BOOK-FOR-PUBLICATION-final-verkleinert-.pdf\">You are glad to inform you that the MRAD Theory <\/a><\/span><mark style=\"background-color:rgba(0, 0, 0, 0)\" class=\"has-inline-color has-luminous-vivid-orange-color\"><a href=\"https:\/\/ivar-schmutz-schwaller.de\/wp-content\/uploads\/2026\/01\/MANUSCRIPT-BOOK-FOR-PUBLICATION-final-verkleinert-.pdf\">can be downloaded here.<\/a><\/mark><br><\/p>\n\n\n\n<h2 class=\"wp-block-heading\">Mrad-Theorie<br><\/h2>\n\n\n\n<figure class=\"wp-block-table alignfull is-style-regular\"><table><tbody><tr><td>1. <strong>Das Wort &#8211; Rhythmus <\/strong>(ohne Datum, 2 S.)<\/td><\/tr><tr><td>2. 1974 &#8211; <strong>Komplexer dynamischer Aufbau<\/strong> (4.S)<\/td><\/tr><tr><td>3. 1975 &#8211; <strong>Corpus der Melodie<\/strong>: <br><strong>Zusammenfassung der Aspekte und Begriffe zur Melodietypologie ostmittelmeerisch-traditioneller Systeme.<\/strong> (10 S.)<\/td><\/tr><tr><td>4.  1980 &#8211; <strong>Organismus eines Altsyrischen Lehrgesangs<\/strong>:<br>Melodie-typologische Untersuchung der KONSEKRATIONSWORTE aus maronitischer Tradition, mit besonderer Ber\u00fccksichtigung und Analyse einer Version. (50 S.)&nbsp;<\/td><\/tr><tr><td>5. 1983 &#8211; <strong>Bemerkungen zum H\u00f6ren von rhythmischen Strukturen <\/strong>: 1 S. <\/td><\/tr><tr><td>6. 1985 &#8211; <strong>Der rhythmische Aufbau eines Alt-Syrischen Qol\u00f3<\/strong>:<br>Melodie-typologische Studie zur Erfassung, Darstellung und Einordnung syrisch-traditioneller und verwandter Ost-mittelmeerischer Kleinsysteme. (115 S.&nbsp;)<br><em>Es ist eine gro\u00dfe Freude f\u00fcr das Institut dieses Original-Manuskript vorstellen zu d\u00fcrfen. Es ist erst im Juni 2021 aufgetaucht. <\/em><\/td><\/tr><tr><td>7. 1990 &#8211; <strong>Grundlagen alt\u00fcberlieferter Melodiesysteme<\/strong>: <br>Eine Studie zur Erfassung und Darstellung von Melodieverl\u00e4ufen aus der Perspektive der traditionell alt-syrischen und ostmittelmeerischen Musik. (75 S.)<\/td><\/tr><tr><td>8. 1995 &#8211; <strong>Movimento Musicale<\/strong>: Liste der f\u00fcr die Analysen verwendeten Symbolen (12 S.)<\/td><\/tr><tr><td>9. 1997 <strong>Orselina: Ein Verfahren zur Behandlung der Melodie<\/strong>: <br>Erfassung und Darstellung traditioneller und historischer Melodieverl\u00e4ufe, Rekonstruktion alter Kompositionen und Sprachrhythmen. (31 S.)<\/td><\/tr><\/tbody><\/table><\/figure>\n","protected":false},"excerpt":{"rendered":"<p>https:\/\/www.lausplenafoundation.ch\/en\/news\/pubblication-manuscript-ivar-schmutz-schwaller-ethnomusicologist-specialized-syriac-tradition You are glad to inform you that the MRAD Theory can be downloaded here. Mrad-Theorie 1. Das Wort &#8211; Rhythmus (ohne Datum, 2 S.) 2. 1974 &#8211; Komplexer dynamischer Aufbau (4.S) 3. 1975 &#8211; Corpus der Melodie: Zusammenfassung der Aspekte und Begriffe zur Melodietypologie ostmittelmeerisch-traditioneller Systeme. (10 S.) 4. 1980 &#8211; Organismus eines Altsyrischen [&hellip;]<\/p>\n","protected":false},"author":1,"featured_media":119,"parent":0,"menu_order":0,"comment_status":"closed","ping_status":"closed","template":"","meta":{"footnotes":""},"class_list":["post-125","page","type-page","status-publish","has-post-thumbnail","hentry"],"_links":{"self":[{"href":"https:\/\/ivar-schmutz-schwaller.de\/index.php?rest_route=\/wp\/v2\/pages\/125","targetHints":{"allow":["GET"]}}],"collection":[{"href":"https:\/\/ivar-schmutz-schwaller.de\/index.php?rest_route=\/wp\/v2\/pages"}],"about":[{"href":"https:\/\/ivar-schmutz-schwaller.de\/index.php?rest_route=\/wp\/v2\/types\/page"}],"author":[{"embeddable":true,"href":"https:\/\/ivar-schmutz-schwaller.de\/index.php?rest_route=\/wp\/v2\/users\/1"}],"replies":[{"embeddable":true,"href":"https:\/\/ivar-schmutz-schwaller.de\/index.php?rest_route=%2Fwp%2Fv2%2Fcomments&post=125"}],"version-history":[{"count":52,"href":"https:\/\/ivar-schmutz-schwaller.de\/index.php?rest_route=\/wp\/v2\/pages\/125\/revisions"}],"predecessor-version":[{"id":3540,"href":"https:\/\/ivar-schmutz-schwaller.de\/index.php?rest_route=\/wp\/v2\/pages\/125\/revisions\/3540"}],"wp:featuredmedia":[{"embeddable":true,"href":"https:\/\/ivar-schmutz-schwaller.de\/index.php?rest_route=\/wp\/v2\/media\/119"}],"wp:attachment":[{"href":"https:\/\/ivar-schmutz-schwaller.de\/index.php?rest_route=%2Fwp%2Fv2%2Fmedia&parent=125"}],"curies":[{"name":"wp","href":"https:\/\/api.w.org\/{rel}","templated":true}]}}